{"id":465,"date":"2016-07-29T12:11:55","date_gmt":"2016-07-29T10:11:55","guid":{"rendered":"https:\/\/www.hotelnives.it\/pagina-di-esempio\/"},"modified":"2025-10-29T13:23:24","modified_gmt":"2025-10-29T12:23:24","slug":"pagina-di-esempio","status":"publish","type":"page","link":"https:\/\/www.hotelnives.it\/de\/","title":{"rendered":"Willkommen im Hotel Nives"},"content":{"rendered":"<h2>Verbringen auch Sie Ihren Urlaub bei uns in Riccione<\/h2>\n<p>Sie werden ein famili\u00e4res und gem\u00fctliches, gleichzeitig aber auch professionelles Umfeld vorfinden, an einem strategisch g\u00fcnstig gelegenen Ort, nur 170 m vom Strand ( Bademeister Augusta, Zone Nr. 107) und 10 m von der abendlichen Promenade der Viale Dante entfernt. Von dort sind es nur 15 Gehminuten bis zur ber\u00fchmten Viale Ceccarini.<br \/>\nDas Hotel befindet sich in einer wundersch\u00f6nen, sehr ruhigen Lage und bietet viel Platz f\u00fcr unsere G\u00e4ste und deren Kinder. Vor allem letzteren gilt bez\u00fcglich des Service, der Verpflegung und der Preisgestaltung unser besonderes Augenmerk.<br \/>\nDas Hotel ist Mitglied der Vereinigung \u00f6kologischer Hotels von Riccione. Es verf\u00fcgt \u00fcber einen Parkplatz, einen Aufzug und einen mit Gartenm\u00f6bel ausgestatteten Garten. Die Zimmer, alle mit Bad, Satellitenfernseher und Direktwahltelefon sind klimatisiert oder mit einem Deckenventilator mit regulierbaren Geschwindigkeitsstufen ausgestattet.<br \/>\nDie K\u00fcche wird von Anna, der &#8220; l&#8217;Azd\u00f4ra&#8220; ( im romagnolischen Dialekt hei\u00dft das &#8220; die Hausfrau&#8220;)<br \/>\npers\u00f6nlich geleitet; sie bereitet hervorragende regionale und nationale Gerichte gesundheitsbewu\u00dft und<br \/>\nmit viel Respekt gegen\u00fcber lokaler Tradition zu. Es wird ausschlie\u00dflich Oliven\u00f6l &#8222;extra vergine&#8220; verwendet. Das Fr\u00fchst\u00fccksbuffet bietet auch biologische Produkte, mittags und abends Beilagenbuffet mit Rohkostgem\u00fcse, Kostproben lokaler und nationaler Oliven\u00f6le, einen kleinen,wohltemperierten Weinkeller f\u00fcr Rotweine und eine Vielzahl lokaler, nationaler und biologischer Weine, pers\u00f6nlich betreut und ausgew\u00e4hlt von Danielle, Berufssommelier und Oliven\u00f6lexperte.<br \/>\nDas Hotel verf\u00fcgt weiterhin \u00fcber einen Internetzugang und \u00fcber Fahrr\u00e4der f\u00fcr unterhaltsame und entspannende Ausfl\u00fcge auf den vielen, gesicherten Radwegen in Riccione und Umgebung.<br \/>\nEine ideale Basis f\u00fcr kulinarische Abstecher und Weinproben in die Romagna und die Marche; Unterlagen hierzu sind im Hotel erh\u00e4ltlich.<\/p>\n","protected":false},"excerpt":{"rendered":"<p>Verbringen auch Sie Ihren Urlaub bei uns in Riccione Sie werden ein famili\u00e4res und gem\u00fctliches, gleichzeitig aber auch professionelles Umfeld vorfinden, an einem strategisch g\u00fcnstig gelegenen Ort, nur 170 m vom Strand ( Bademeister Augusta, Zone Nr. 107) und 10 m von der abendlichen Promenade der Viale Dante entfernt. Von dort sind es nur 15 Gehminuten bis zur ber\u00fchmten Viale Ceccarini. Das Hotel befindet sich in einer wundersch\u00f6nen, sehr ruhigen &#8230;<\/p>\n","protected":false},"author":1,"featured_media":0,"parent":0,"menu_order":10,"comment_status":"closed","ping_status":"open","template":"","meta":{"_acf_changed":false},"class_list":["post-465","page","type-page","status-publish","hentry"],"acf":[],"_links":{"self":[{"href":"https:\/\/www.hotelnives.it\/de\/wp-json\/wp\/v2\/pages\/465","targetHints":{"allow":["GET"]}}],"collection":[{"href":"https:\/\/www.hotelnives.it\/de\/wp-json\/wp\/v2\/pages"}],"about":[{"href":"https:\/\/www.hotelnives.it\/de\/wp-json\/wp\/v2\/types\/page"}],"author":[{"embeddable":true,"href":"https:\/\/www.hotelnives.it\/de\/wp-json\/wp\/v2\/users\/1"}],"replies":[{"embeddable":true,"href":"https:\/\/www.hotelnives.it\/de\/wp-json\/wp\/v2\/comments?post=465"}],"version-history":[{"count":0,"href":"https:\/\/www.hotelnives.it\/de\/wp-json\/wp\/v2\/pages\/465\/revisions"}],"wp:attachment":[{"href":"https:\/\/www.hotelnives.it\/de\/wp-json\/wp\/v2\/media?parent=465"}],"curies":[{"name":"wp","href":"https:\/\/api.w.org\/{rel}","templated":true}]}}