{"id":463,"date":"2017-06-26T17:46:03","date_gmt":"2017-06-26T15:46:03","guid":{"rendered":"https:\/\/www.hotelnives.it\/vivere-il-nives\/"},"modified":"2025-08-11T09:59:27","modified_gmt":"2025-08-11T07:59:27","slug":"das-nives-hotel-leben","status":"publish","type":"page","link":"https:\/\/www.hotelnives.it\/de\/das-nives-hotel-leben\/","title":{"rendered":"DAS NIVES HOTEL LEBEN"},"content":{"rendered":"<p>Neulich renoviert,\u00a0<strong>vollst\u00e4ndig klimatisiert \/ beheizt\u00a0<\/strong>. Die F\u00fchrung der\u00a0<strong>Familie Mariotti\u00a0<\/strong>gew\u00e4hrleistet eine junge, famili\u00e4re und lebendige Atmosph\u00e4re und ist auf die Anspr\u00fcche der Kunden aufmerksam. Das Hotel ist Mitglied des Verbands der\u00a0<strong>\u201e\u00f6kologischen Hotels\u201c\u00a0<\/strong>, die empf\u00e4nglichen Strukturen, die von Legambiente f\u00fcr ihren Einsatz f\u00fcr Umweltschutz empfohlen sind.<\/p>\n<ul>\n<li>Die Renovierung ist kaum beendet und wir warten auf Sie in den neuen gem\u00fctlichen R\u00e4umen des Nives Hotels.<\/li>\n<li><strong>viel Platz im Freien, Garten\u00a0<\/strong>und\u00a0<strong>Veranda, Lift\u00a0<\/strong>und\u00a0<strong>Nachtportier.<\/strong><\/li>\n<\/ul>\n<p>Im Preis sind auch Anwendung der Fahrr\u00e4der (auch mit Sitz), Hi-Fi-Zone, Internet Point, Netzsteckdose in der Halle eingeschlossen.<\/p>\n<p><strong>Essen &amp; Trinken:\u00a0<\/strong>Im\u00a0<strong>Restaurant des Hotels\u00a0<\/strong>\u201eL&#8217;Azdora&#8220; sorgt direkt die\u00a0<strong>Azdora Anna\u00a0<\/strong>f\u00fcr die Bereitung der Gerichte; Anna wird Sie mit ihren\u00a0<strong>Spezialit\u00e4ten von lokaler K\u00fcche\u00a0<\/strong>begl\u00fccken. Es wird auf die Anwendung von\u00a0<strong>Rohstoffen\u00a0<\/strong>wie Oliven\u00f6l von lokalen Oliven und vom Sommelier\u00a0<strong>Daniele\u00a0<\/strong><strong>ausgew\u00e4hlten Weinen\u00a0<\/strong>besonders acht gegeben.<\/p>\n<p>Neben dem Gem\u00fcseb\u00fcfett k\u00f6nnen Sie die Theke zur Probe von \u00d6len und Anmachen finden.<\/p>\n<p><strong>Fr\u00fchst\u00fccksb\u00fcfett\u00a0<\/strong>mit von uns hausbackenen Kuchen und Corner von\u00a0<strong>biologischen Produkten\u00a0<\/strong>. Fr\u00fchst\u00fcck bei der Theke nach 10.00 Uhr.\u00a0<strong>\u00dcberraschungsaperitif\u00a0<\/strong>von \u201eguten Urlauben&#8220; unter der Woche, mit einem unausbleiblichen Imbiss mit Fisch aus Adriasee serviert mit gutem Wein. Zur Ern\u00e4hrung unserer\u00a0<strong>kleinen G\u00e4ste\u00a0<\/strong>\u2026 sechzehn Jahre beim Nives sichern uns eine gute Erfahrung; mit Ihrer Hilfe kann irgendwelcher kleine Aspekt pflichtgem\u00e4\u00df befriedigt und besorgt werden.<\/p>\n","protected":false},"excerpt":{"rendered":"<p>Neulich renoviert,\u00a0vollst\u00e4ndig klimatisiert \/ beheizt\u00a0. Die F\u00fchrung der\u00a0Familie Mariotti\u00a0gew\u00e4hrleistet eine junge, famili\u00e4re und lebendige Atmosph\u00e4re und ist auf die Anspr\u00fcche der Kunden aufmerksam. Das Hotel ist Mitglied des Verbands der\u00a0\u201e\u00f6kologischen Hotels\u201c\u00a0, die empf\u00e4nglichen Strukturen, die von Legambiente f\u00fcr ihren Einsatz f\u00fcr Umweltschutz empfohlen sind. Die Renovierung ist kaum beendet und wir warten auf Sie in den neuen gem\u00fctlichen R\u00e4umen des Nives Hotels. viel Platz im Freien, Garten\u00a0und\u00a0Veranda, Lift\u00a0und\u00a0Nachtportier. Im Preis &#8230;<\/p>\n","protected":false},"author":1,"featured_media":0,"parent":0,"menu_order":72,"comment_status":"closed","ping_status":"closed","template":"","meta":{"_acf_changed":false},"class_list":["post-463","page","type-page","status-publish","hentry"],"acf":[],"_links":{"self":[{"href":"https:\/\/www.hotelnives.it\/de\/wp-json\/wp\/v2\/pages\/463","targetHints":{"allow":["GET"]}}],"collection":[{"href":"https:\/\/www.hotelnives.it\/de\/wp-json\/wp\/v2\/pages"}],"about":[{"href":"https:\/\/www.hotelnives.it\/de\/wp-json\/wp\/v2\/types\/page"}],"author":[{"embeddable":true,"href":"https:\/\/www.hotelnives.it\/de\/wp-json\/wp\/v2\/users\/1"}],"replies":[{"embeddable":true,"href":"https:\/\/www.hotelnives.it\/de\/wp-json\/wp\/v2\/comments?post=463"}],"version-history":[{"count":0,"href":"https:\/\/www.hotelnives.it\/de\/wp-json\/wp\/v2\/pages\/463\/revisions"}],"wp:attachment":[{"href":"https:\/\/www.hotelnives.it\/de\/wp-json\/wp\/v2\/media?parent=463"}],"curies":[{"name":"wp","href":"https:\/\/api.w.org\/{rel}","templated":true}]}}