{"id":460,"date":"2017-07-03T15:21:09","date_gmt":"2017-07-03T13:21:09","guid":{"rendered":"https:\/\/www.hotelnives.it\/listino-prezzi\/"},"modified":"2022-10-18T10:29:52","modified_gmt":"2022-10-18T08:29:52","slug":"preisliste-2014","status":"publish","type":"page","link":"https:\/\/www.hotelnives.it\/de\/preisliste-2014\/","title":{"rendered":"Preisliste"},"content":{"rendered":"<p>Freier Eintritt f\u00fcr all unsere G\u00e4ste ins Thermal Park Perle D&#8217;acqua<\/p>\n<p>Preise verstehen sich mit Vollpension pro Person\/Tag, Mindestaufenthalt 5 N\u00e4chte. F\u00fcr k\u00fcrzere Zeitspannen fragen Sie uns einen Kostenvoranschlag an.<\/p>\n<p>Zuschl\u00e4ge:<br \/>\nGetr\u00e4nke inbegriffen \u2013 Getr\u00e4nke und lokaler Wein zu den Mahlzeiten + 6,00 \u20ac pro Person\/Tag.<\/p>\n<p>All inclusive: (alles inbegriffen) Getr\u00e4nke nach Wunsch und Wein zur Wahl zu den Mahlzeiten + Klimaanlage + Strandservice (beim Bademeister des Hotels 1 Sonnenschirm +1 Liege + 14,00 \u20ac pro Person\/Tag.<\/p>\n<p>&#8211; Einzelzimmer: 8,00 \u20ac (pro Person\/Tag)<br \/>\n&#8211; Doppelzimmer zur Alleinbenutzung: ab 40,00 \u20ac pro Tag<br \/>\n&#8211; Parking: 10,00 \u20ac pro Tag<\/p>\n<p>Erm\u00e4ssigungen:<\/p>\n<p>&#8211; Halbpension: &#8211; 3,00 \u20ac pro Tag<br \/>\n&#8211; B&amp;B ( Zimmer mit Fr\u00fchst\u00fcck): -15% auf dem Pensionspreis<br \/>\n&#8211; 3 und 4 Zusatzbett Erwachsene: ab -15%<\/p>\n<p>0 &#8211; 2 Jahre: kostenlos im Doppelzimmer (die Wiege und die Mahlzeiten sind immer inbegriffen &#8211; im Falle von 2 Kindern ist die Familie Plan) in D: 0 &#8211; 2 Jahre = \u20ac 20,00 pro Nacht, Kinderbetten und Mahlzeiten;<br \/>\n3 &#8211; 9 Jahre: &#8211; 50 %<br \/>\n10 &#8211; 13 Jahre: &#8211; 20 %<br \/>\n13 Jahre &#8230; : &#8211; 15 %<\/p>\n<p>_______________________________<\/p>\n<p>WAEHLEN SIE DAS NIVES-ANGEBOT DAS SIE AM MEISTEN ANSPRICHT<br \/>\nSonderangebote sind mit keinen anderen Nachl\u00e4ssen kombinierbar.<\/p>\n<p>Familenplan: 2 Erwachsene + 2 Kinder derselben Familie in einem Doppelzimmer = 3 zahlende Personen (f\u00fcr die F-Periode kontaktieren Sie uns direkt) Lesen Sie die Seite der Familienangebote und entdecken Sie wie Sie sparen k\u00f6nnen !<\/p>\n<p>Freunschafts- Speziell (4x erworben = 3,5x bezahlt !) 4 Erwachsene in einem Vierbettzimmer zahlen wie 3,5 (D-Periode ausgeschlossen)<\/p>\n<p>Wasserparks und Freizeitparks speziell<br \/>\n&#8211; f\u00fcr alle und tagt\u00e4glich freier Eintritt ins Perle d&#8217;acqua, dem termal park von Riccione und Beach Village.<\/p>\n","protected":false},"excerpt":{"rendered":"<p>Freier Eintritt f\u00fcr all unsere G\u00e4ste ins Thermal Park Perle D&#8217;acqua Preise verstehen sich mit Vollpension pro Person\/Tag, Mindestaufenthalt 5 N\u00e4chte. F\u00fcr k\u00fcrzere Zeitspannen fragen Sie uns einen Kostenvoranschlag an. Zuschl\u00e4ge: Getr\u00e4nke inbegriffen \u2013 Getr\u00e4nke und lokaler Wein zu den Mahlzeiten + 6,00 \u20ac pro Person\/Tag. All inclusive: (alles inbegriffen) Getr\u00e4nke nach Wunsch und Wein zur Wahl zu den Mahlzeiten + Klimaanlage + Strandservice (beim Bademeister des Hotels 1 Sonnenschirm &#8230;<\/p>\n","protected":false},"author":1,"featured_media":0,"parent":0,"menu_order":68,"comment_status":"closed","ping_status":"closed","template":"template\/template.fullwidth.php","meta":{"_acf_changed":false},"class_list":["post-460","page","type-page","status-publish","hentry"],"acf":[],"_links":{"self":[{"href":"https:\/\/www.hotelnives.it\/de\/wp-json\/wp\/v2\/pages\/460","targetHints":{"allow":["GET"]}}],"collection":[{"href":"https:\/\/www.hotelnives.it\/de\/wp-json\/wp\/v2\/pages"}],"about":[{"href":"https:\/\/www.hotelnives.it\/de\/wp-json\/wp\/v2\/types\/page"}],"author":[{"embeddable":true,"href":"https:\/\/www.hotelnives.it\/de\/wp-json\/wp\/v2\/users\/1"}],"replies":[{"embeddable":true,"href":"https:\/\/www.hotelnives.it\/de\/wp-json\/wp\/v2\/comments?post=460"}],"version-history":[{"count":0,"href":"https:\/\/www.hotelnives.it\/de\/wp-json\/wp\/v2\/pages\/460\/revisions"}],"wp:attachment":[{"href":"https:\/\/www.hotelnives.it\/de\/wp-json\/wp\/v2\/media?parent=460"}],"curies":[{"name":"wp","href":"https:\/\/api.w.org\/{rel}","templated":true}]}}